{"id":2432,"date":"2024-09-10T12:36:58","date_gmt":"2024-09-10T12:36:58","guid":{"rendered":"https:\/\/jurisconcept.ca\/?page_id=2432"},"modified":"2025-02-05T22:34:45","modified_gmt":"2025-02-05T22:34:45","slug":"aliform","status":"publish","type":"page","link":"https:\/\/jurisconcept.ca\/fr\/aliform\/","title":{"rendered":"AliForm"},"content":{"rendered":"<div  class=\"tatsu-rJE6uRPin tatsu-section  tatsu-bg-overlay   tatsu-clearfix\" data-title=\"\"  data-headerscheme=\"background--dark\"><div class='tatsu-section-pad clearfix' data-padding='{\"d\":\"60px 0px 62px 0px\",\"m\":\"30px 0px 30px 0px\",\"t\":\"45px 0px 45px 0px\"}' data-padding-top='30px'><div class=\"tatsu-row-wrap  tatsu-wrap tatsu-row-one-col tatsu-row-has-one-cols tatsu-medium-gutter tatsu-eq-cols  tatsu-clearfix tatsu-r1gVa_RPin\" ><style>.tatsu-r1gVa_RPin.tatsu-row-wrap > .tatsu-row{border-radius: 15px;padding: 30px 30px 30px 30px;background-color: rgba(229,229,229,0.6);}@media only screen and (max-width: 767px) {.tatsu-r1gVa_RPin.tatsu-row-wrap > .tatsu-row{padding: 10px 15px 10px 15px;}}<\/style><div  class=\"tatsu-row \" ><div  class=\"tatsu-column  tatsu-bg-overlay tatsu-one-col tatsu-column-align-bottom tatsu-column-image-none tatsu-column-effect-none  tatsu-rJZET_0Ds2\"  data-parallax-speed=\"0\" style=\"\"><div class=\"tatsu-column-inner \" ><div class=\"tatsu-column-pad-wrap\"><div class=\"tatsu-column-pad\" ><div  class=\"tatsu-module tatsu-inline-text clearfix tatsu-SkfVpuCPj2   \" ><style>.tatsu-SkfVpuCPj2 .tatsu-inline-text-inner{width: 100%;text-align: center;}.tatsu-SkfVpuCPj2.tatsu-inline-text{margin: 8px 0px 0px 0px;}@media only screen and (max-width: 767px) {.tatsu-SkfVpuCPj2 .tatsu-inline-text-inner{width: 100%;text-align: center;}}<\/style><div class=\"tatsu-inline-text-inner tatsu-align-center\">\n<h1 style=\"text-align: center;\"><span class=\"swatch-black\"><strong>Juris Concept<\/strong><\/span> acquiert les produits <br \/><strong>AliForm<\/strong> et <strong>PatriForm<\/strong>\u00a0<\/h1>\n<\/div><\/div><div  class=\"tatsu-module tatsu-divider-wrap  tatsu-Hkm46dAPo2   \"  ><style>.tatsu-Hkm46dAPo2 .tatsu-divider{height: 3px;width: 100%;background: rgba(179,179,179,1);}.tatsu-Hkm46dAPo2.tatsu-divider-wrap{text-align: left;margin: 7px 0px 7px 0px;}<\/style><hr class=\"tatsu-divider\"\/><\/div><div  class=\"tatsu-module tatsu-inline-text clearfix tatsu-B1N4T_RPo2   \" ><style>.tatsu-B1N4T_RPo2 .tatsu-inline-text-inner{width: 100%;text-align: center;}.tatsu-B1N4T_RPo2.tatsu-inline-text{margin: 0px 0px 0px 0px;}@media only screen and (max-width: 767px) {.tatsu-B1N4T_RPo2 .tatsu-inline-text-inner{width: 100%;text-align: center;}}<\/style><div class=\"tatsu-inline-text-inner tatsu-align-center\">\n<h2 style=\"text-align: center;\">Qu\u00e9bec, QC, le 6 septembre 2024<\/h2>\n<\/div><\/div><div  class=\"tatsu-module tatsu-divider-wrap  tatsu-BJBVaO0wjh   \"  ><style>.tatsu-BJBVaO0wjh .tatsu-divider{height: 3px;width: 100%;background: rgba(179,179,179,1);}.tatsu-BJBVaO0wjh.tatsu-divider-wrap{text-align: left;margin: 7px 0px 7px 0px;}<\/style><hr class=\"tatsu-divider\"\/><\/div><\/div><\/div><div class = \"tatsu-column-bg-image-wrap\"><div class = \"tatsu-column-bg-image\" ><\/div><\/div><div class=\"tatsu-overlay tatsu-column-overlay tatsu-animate-none\" ><\/div><\/div><style>.tatsu-row > .tatsu-rJZET_0Ds2.tatsu-column{width: 100%;}.tatsu-rJZET_0Ds2.tatsu-column{margin: 20px 0px 20px 0px !important;}.tatsu-rJZET_0Ds2.tatsu-column > .tatsu-column-inner > .tatsu-column-overlay{mix-blend-mode: normal;}.tatsu-rJZET_0Ds2 > .tatsu-column-inner > .tatsu-top-divider{z-index: 9999;}.tatsu-rJZET_0Ds2 > .tatsu-column-inner > .tatsu-bottom-divider{z-index: 9999;}.tatsu-rJZET_0Ds2 > .tatsu-column-inner > .tatsu-left-divider{z-index: 9999;}.tatsu-rJZET_0Ds2 > .tatsu-column-inner > .tatsu-right-divider{z-index: 9999;}@media only screen and (max-width:1377px) {.tatsu-row > .tatsu-rJZET_0Ds2.tatsu-column{width: 100%;}}@media only screen and (min-width:768px) and (max-width: 1024px) {.tatsu-row > .tatsu-rJZET_0Ds2.tatsu-column{width: 100%;}}@media only screen and (max-width: 767px) {.tatsu-row > .tatsu-rJZET_0Ds2.tatsu-column{width: 100%;}}<\/style><\/div><\/div><\/div><\/div><div class=\"tatsu-section-background-wrap\"><div class = \"tatsu-section-background\" ><\/div><\/div><div class=\"tatsu-overlay tatsu-section-overlay\"><\/div><style>.tatsu-rJE6uRPin .tatsu-section-background{background-image: url(https:\/\/jurisconcept.ca\/wp-content\/uploads\/2022\/04\/gears-motif.png);background-repeat: no-repeat;background-attachment: fixed;background-position: top left;background-size: cover;}.tatsu-rJE6uRPin .tatsu-bg-blur{background-repeat: no-repeat;background-attachment: fixed;background-position: top left;background-size: cover;}.tatsu-rJE6uRPin .tatsu-section-pad{padding: 60px 0px 62px 0px;}.tatsu-rJE6uRPin .tatsu-section-offset-wrap{transform: translateY(-0px);}.tatsu-rJE6uRPin > .tatsu-bottom-divider{z-index: 9999;}.tatsu-rJE6uRPin > .tatsu-top-divider{z-index: 9999;}.tatsu-rJE6uRPin .tatsu-section-overlay{background: rgba(255,255,255,0.9);mix-blend-mode: normal;}@media only screen and (min-width:768px) and (max-width: 1024px) {.tatsu-rJE6uRPin .tatsu-section-pad{padding: 45px 0px 45px 0px;}.tatsu-rJE6uRPin.tatsu-section{margin: 0px 0px 0px 0px;}}@media only screen and (max-width: 767px) {.tatsu-rJE6uRPin .tatsu-section-pad{padding: 30px 0px 30px 0px;}}<\/style><\/div><div  class=\"tatsu-SylLiD-Ji tatsu-section  tatsu-bg-overlay   tatsu-clearfix\" data-title=\"\"  data-headerscheme=\"background--dark\"><div class='tatsu-section-pad clearfix' data-padding='{\"d\":\"60px 30px 57px 30px\",\"l\":\"60px 20px 60px 20px\",\"t\":\"45px 15px 45px 15px\",\"m\":\"30px 0px 30px 0px\"}' data-padding-top='30px'><div class=\"tatsu-row-wrap  tatsu-wrap tatsu-row-one-col tatsu-row-has-one-cols tatsu-medium-gutter tatsu-reg-cols  tatsu-clearfix tatsu-B1lAOYCwjh\" ><div  class=\"tatsu-row \" ><div  class=\"tatsu-column  tatsu-bg-overlay tatsu-one-col tatsu-column-image-none tatsu-column-effect-none  tatsu-B1AOYAwj2\"  data-parallax-speed=\"0\" style=\"\"><div class=\"tatsu-column-inner \" ><div class=\"tatsu-column-pad-wrap\"><div class=\"tatsu-column-pad\" ><div  class=\"tatsu-module tatsu-inline-text clearfix tatsu-Skm-33T3R   \" ><style>.tatsu-Skm-33T3R .tatsu-inline-text-inner{width: 100%;text-align: left;}@media only screen and (max-width: 767px) {.tatsu-Skm-33T3R .tatsu-inline-text-inner{width: 100%;}}<\/style><div class=\"tatsu-inline-text-inner tatsu-align-center\">\n<p><span class=\"swatch-black\"><strong>Juris Concept<\/strong><\/span>, division de <strong>PG Solutions Inc.<\/strong>, fournisseur de logiciels de march\u00e9s verticaux et acqu\u00e9reur d\u2019entreprises, fait l\u2019acquisition du logiciel <strong>AliForm<\/strong>, bas\u00e9 au Qu\u00e9bec. \u00c0 travers cette acquisition, la gamme de produit visant le march\u00e9 juridique ne cesse de croitre.<\/p>\n<p><strong>AliForm<\/strong> est un logiciel proposant des formulaires permettant le calcul relatif \u00e0 la fixation des pensions alimentaires pour enfants et conjoints, le calcul du partage du patrimoine familial ainsi que de calcul en mati\u00e8re de m\u00e9diation dans les cas de divorce et de s\u00e9paration tout en respectant les normes prescrites par le mod\u00e8le juridique Qu\u00e9b\u00e9cois. <strong>AliForm<\/strong> se d\u00e9marque aussi en proposant une banque de jurisprudence annot\u00e9e.<\/p>\n<p><strong>AliForm<\/strong> est utilis\u00e9 par des avocats et parajuriste pratiquant le droit de la personne et de la famille, des notaires, m\u00e9diateurs ainsi que des juges.<\/p>\n<p>Louis Cl\u00e9ment, Chef de portefeuille chez <strong>PG Solutions Inc.<\/strong>, pour <span class=\"swatch-black\"><strong>Juris Concept<\/strong><\/span>, ajoute : \u00ab Nous renfor\u00e7ons notre position dans le march\u00e9 du droit familial en ajoutant <strong>AliForm<\/strong> \u00e0 notre gamme de produit en pratique du droit.<\/p>\n<p>Nous poursuivons notre engagement \u00e0 offrir des solutions les plus compl\u00e8tes et innovantes pour les clients du march\u00e9 juridique.\u00bb<\/p>\n<p>Pour de plus amples informations, veuillez contacter :<\/p>\n<p><strong>Pierre Bilodeau<\/strong><br \/>Vice-pr\u00e9sident Op\u00e9rations, Juris Concept<br \/><strong>Courriel :<\/strong> <a href=\"mailto:pierre.bilodeau@jurisconcept.ca\" target=\"_blank\" rel=\"noopener\"><span class=\"tatsu-inline-link-style2\">pierre.bilodeau@jurisconcept.ca<\/span><\/a><\/p>\n<\/div><\/div><\/div><\/div><div class = \"tatsu-column-bg-image-wrap\"><div class = \"tatsu-column-bg-image\" ><\/div><\/div><div class=\"tatsu-overlay tatsu-column-overlay tatsu-animate-none\" ><\/div><\/div><style>.tatsu-row > .tatsu-B1AOYAwj2.tatsu-column{width: 100%;}.tatsu-B1AOYAwj2.tatsu-column > .tatsu-column-inner > .tatsu-column-overlay{mix-blend-mode: normal;}.tatsu-B1AOYAwj2 > .tatsu-column-inner > .tatsu-top-divider{z-index: 9999;}.tatsu-B1AOYAwj2 > .tatsu-column-inner > .tatsu-bottom-divider{z-index: 9999;}.tatsu-B1AOYAwj2 > .tatsu-column-inner > .tatsu-left-divider{z-index: 9999;}.tatsu-B1AOYAwj2 > .tatsu-column-inner > .tatsu-right-divider{z-index: 9999;}@media only screen and (max-width:1377px) {.tatsu-row > .tatsu-B1AOYAwj2.tatsu-column{width: 100%;}}@media only screen and (min-width:768px) and (max-width: 1024px) {.tatsu-row > .tatsu-B1AOYAwj2.tatsu-column{width: 100%;}}@media only screen and (max-width: 767px) {.tatsu-row > .tatsu-B1AOYAwj2.tatsu-column{width: 100%;}}<\/style><\/div><\/div><\/div><\/div><div class=\"tatsu-section-background-wrap\"><div class = \"tatsu-section-background\" ><\/div><\/div><div class=\"tatsu-overlay tatsu-section-overlay\"><\/div><style>.tatsu-SylLiD-Ji.tatsu-section{background-color: rgba(255,255,255,1);}.tatsu-SylLiD-Ji .tatsu-section-pad{padding: 60px 30px 57px 30px;}.tatsu-SylLiD-Ji .tatsu-section-offset-wrap{transform: translateY(-0px);}.tatsu-SylLiD-Ji > .tatsu-bottom-divider{z-index: 9999;}.tatsu-SylLiD-Ji > .tatsu-top-divider{z-index: 9999;}.tatsu-SylLiD-Ji .tatsu-section-overlay{mix-blend-mode: normal;}@media only screen and (max-width:1377px) {.tatsu-SylLiD-Ji .tatsu-section-pad{padding: 60px 20px 60px 20px;}}@media only screen and (min-width:768px) and (max-width: 1024px) {.tatsu-SylLiD-Ji .tatsu-section-pad{padding: 45px 15px 45px 15px;}}@media only screen and (max-width: 767px) {.tatsu-SylLiD-Ji .tatsu-section-pad{padding: 30px 0px 30px 0px;}}<\/style><\/div>\n","protected":false},"excerpt":{"rendered":"<div><a href=\"https:\/\/jurisconcept.ca\/fr\/aliform\/\" class=\"exp-read-more exp-read-more-underlined\">Read More<\/a><\/div>\n","protected":false},"author":2,"featured_media":0,"parent":0,"menu_order":0,"comment_status":"closed","ping_status":"closed","template":"","meta":{"footnotes":""},"class_list":["post-2432","page","type-page","status-publish","hentry"],"yoast_head":"<!-- This site is optimized with the Yoast SEO plugin v27.2 - https:\/\/yoast.com\/product\/yoast-seo-wordpress\/ -->\n<title>AliForm - Juris Concept<\/title>\n<meta name=\"description\" content=\"AliForm est un logiciel proposant des formulaires permettant le calcul relatif \u00e0 la fixation des pensions alimentaires.\" \/>\n<meta name=\"robots\" content=\"index, follow, max-snippet:-1, max-image-preview:large, max-video-preview:-1\" \/>\n<link rel=\"canonical\" href=\"https:\/\/jurisconcept.ca\/fr\/aliform\/\" \/>\n<meta property=\"og:locale\" content=\"fr_FR\" \/>\n<meta property=\"og:type\" content=\"article\" \/>\n<meta property=\"og:title\" content=\"AliForm - Juris Concept\" \/>\n<meta property=\"og:description\" content=\"AliForm est un logiciel proposant des formulaires permettant le calcul relatif \u00e0 la fixation des pensions alimentaires.\" \/>\n<meta property=\"og:url\" content=\"https:\/\/jurisconcept.ca\/fr\/aliform\/\" \/>\n<meta property=\"og:site_name\" content=\"Juris Concept\" \/>\n<meta property=\"article:modified_time\" content=\"2025-02-05T22:34:45+00:00\" \/>\n<meta name=\"twitter:card\" content=\"summary_large_image\" \/>\n<meta name=\"twitter:label1\" content=\"Dur\u00e9e de lecture estim\u00e9e\" \/>\n\t<meta name=\"twitter:data1\" content=\"5 minutes\" \/>\n<script type=\"application\/ld+json\" class=\"yoast-schema-graph\">{\"@context\":\"https:\/\/schema.org\",\"@graph\":[{\"@type\":\"WebPage\",\"@id\":\"https:\/\/jurisconcept.ca\/fr\/aliform\/\",\"url\":\"https:\/\/jurisconcept.ca\/fr\/aliform\/\",\"name\":\"AliForm - Juris Concept\",\"isPartOf\":{\"@id\":\"https:\/\/jurisconcept.ca\/fr\/#website\"},\"datePublished\":\"2024-09-10T12:36:58+00:00\",\"dateModified\":\"2025-02-05T22:34:45+00:00\",\"description\":\"AliForm est un logiciel proposant des formulaires permettant le calcul relatif \u00e0 la fixation des pensions alimentaires.\",\"breadcrumb\":{\"@id\":\"https:\/\/jurisconcept.ca\/fr\/aliform\/#breadcrumb\"},\"inLanguage\":\"fr-FR\",\"potentialAction\":[{\"@type\":\"ReadAction\",\"target\":[\"https:\/\/jurisconcept.ca\/fr\/aliform\/\"]}]},{\"@type\":\"BreadcrumbList\",\"@id\":\"https:\/\/jurisconcept.ca\/fr\/aliform\/#breadcrumb\",\"itemListElement\":[{\"@type\":\"ListItem\",\"position\":1,\"name\":\"Accueil\",\"item\":\"https:\/\/jurisconcept.ca\/fr\/\"},{\"@type\":\"ListItem\",\"position\":2,\"name\":\"AliForm\"}]},{\"@type\":\"WebSite\",\"@id\":\"https:\/\/jurisconcept.ca\/fr\/#website\",\"url\":\"https:\/\/jurisconcept.ca\/fr\/\",\"name\":\"Juris Concept\",\"description\":\"Maximisez votre pratique juridique !\",\"potentialAction\":[{\"@type\":\"SearchAction\",\"target\":{\"@type\":\"EntryPoint\",\"urlTemplate\":\"https:\/\/jurisconcept.ca\/fr\/?s={search_term_string}\"},\"query-input\":{\"@type\":\"PropertyValueSpecification\",\"valueRequired\":true,\"valueName\":\"search_term_string\"}}],\"inLanguage\":\"fr-FR\"}]}<\/script>\n<!-- \/ Yoast SEO plugin. -->","yoast_head_json":{"title":"AliForm - Juris Concept","description":"AliForm est un logiciel proposant des formulaires permettant le calcul relatif \u00e0 la fixation des pensions alimentaires.","robots":{"index":"index","follow":"follow","max-snippet":"max-snippet:-1","max-image-preview":"max-image-preview:large","max-video-preview":"max-video-preview:-1"},"canonical":"https:\/\/jurisconcept.ca\/fr\/aliform\/","og_locale":"fr_FR","og_type":"article","og_title":"AliForm - Juris Concept","og_description":"AliForm est un logiciel proposant des formulaires permettant le calcul relatif \u00e0 la fixation des pensions alimentaires.","og_url":"https:\/\/jurisconcept.ca\/fr\/aliform\/","og_site_name":"Juris Concept","article_modified_time":"2025-02-05T22:34:45+00:00","twitter_card":"summary_large_image","twitter_misc":{"Dur\u00e9e de lecture estim\u00e9e":"5 minutes"},"schema":{"@context":"https:\/\/schema.org","@graph":[{"@type":"WebPage","@id":"https:\/\/jurisconcept.ca\/fr\/aliform\/","url":"https:\/\/jurisconcept.ca\/fr\/aliform\/","name":"AliForm - Juris Concept","isPartOf":{"@id":"https:\/\/jurisconcept.ca\/fr\/#website"},"datePublished":"2024-09-10T12:36:58+00:00","dateModified":"2025-02-05T22:34:45+00:00","description":"AliForm est un logiciel proposant des formulaires permettant le calcul relatif \u00e0 la fixation des pensions alimentaires.","breadcrumb":{"@id":"https:\/\/jurisconcept.ca\/fr\/aliform\/#breadcrumb"},"inLanguage":"fr-FR","potentialAction":[{"@type":"ReadAction","target":["https:\/\/jurisconcept.ca\/fr\/aliform\/"]}]},{"@type":"BreadcrumbList","@id":"https:\/\/jurisconcept.ca\/fr\/aliform\/#breadcrumb","itemListElement":[{"@type":"ListItem","position":1,"name":"Accueil","item":"https:\/\/jurisconcept.ca\/fr\/"},{"@type":"ListItem","position":2,"name":"AliForm"}]},{"@type":"WebSite","@id":"https:\/\/jurisconcept.ca\/fr\/#website","url":"https:\/\/jurisconcept.ca\/fr\/","name":"Juris Concept","description":"Maximisez votre pratique juridique !","potentialAction":[{"@type":"SearchAction","target":{"@type":"EntryPoint","urlTemplate":"https:\/\/jurisconcept.ca\/fr\/?s={search_term_string}"},"query-input":{"@type":"PropertyValueSpecification","valueRequired":true,"valueName":"search_term_string"}}],"inLanguage":"fr-FR"}]}},"_links":{"self":[{"href":"https:\/\/jurisconcept.ca\/fr\/wp-json\/wp\/v2\/pages\/2432","targetHints":{"allow":["GET"]}}],"collection":[{"href":"https:\/\/jurisconcept.ca\/fr\/wp-json\/wp\/v2\/pages"}],"about":[{"href":"https:\/\/jurisconcept.ca\/fr\/wp-json\/wp\/v2\/types\/page"}],"author":[{"embeddable":true,"href":"https:\/\/jurisconcept.ca\/fr\/wp-json\/wp\/v2\/users\/2"}],"replies":[{"embeddable":true,"href":"https:\/\/jurisconcept.ca\/fr\/wp-json\/wp\/v2\/comments?post=2432"}],"version-history":[{"count":5,"href":"https:\/\/jurisconcept.ca\/fr\/wp-json\/wp\/v2\/pages\/2432\/revisions"}],"predecessor-version":[{"id":2602,"href":"https:\/\/jurisconcept.ca\/fr\/wp-json\/wp\/v2\/pages\/2432\/revisions\/2602"}],"wp:attachment":[{"href":"https:\/\/jurisconcept.ca\/fr\/wp-json\/wp\/v2\/media?parent=2432"}],"curies":[{"name":"wp","href":"https:\/\/api.w.org\/{rel}","templated":true}]}}