{"id":37,"date":"2022-09-07T15:49:28","date_gmt":"2022-09-07T15:49:28","guid":{"rendered":"https:\/\/jurisconcept.ca\/?page_id=37"},"modified":"2023-07-27T13:38:54","modified_gmt":"2023-07-27T13:38:54","slug":"jurisunifie","status":"publish","type":"page","link":"https:\/\/jurisconcept.ca\/fr\/jurisunifie\/","title":{"rendered":"JurisUnifi\u00e9"},"content":{"rendered":"<div  class=\"tatsu-B1igmIC1o tatsu-section  tatsu-bg-overlay   tatsu-clearfix\" data-title=\"\"  data-headerscheme=\"background--dark\"><div class='tatsu-section-pad clearfix' data-padding='{\"d\":\"60px 0px 60px 0px\",\"m\":\"30px 0px 30px 0px\",\"t\":\"45px 0px 45px 0px\"}' data-padding-top='30px'><div class=\"tatsu-row-wrap  tatsu-wrap tatsu-row-has-one-half tatsu-row-has-two-cols tatsu-medium-gutter tatsu-eq-cols  tatsu-clearfix tatsu-SkljxmIAyj\" ><style>.tatsu-SkljxmIAyj.tatsu-row-wrap > .tatsu-row{border-radius: 15px;padding: 30px 30px 30px 30px;background-color: rgba(229,229,229,0.6);}@media only screen and (max-width: 767px) {.tatsu-SkljxmIAyj.tatsu-row-wrap > .tatsu-row{padding: 10px 15px 10px 15px;}}<\/style><div  class=\"tatsu-row \" ><div  class=\"tatsu-column  tatsu-bg-overlay tatsu-one-half tatsu-column-align-bottom tatsu-column-image-none tatsu-column-effect-none  tatsu-Hk-semLAJs\"  data-parallax-speed=\"0\" style=\"\"><div class=\"tatsu-column-inner \" ><div class=\"tatsu-column-pad-wrap\"><div class=\"tatsu-column-pad\" ><div  class=\"tatsu-module tatsu-inline-text clearfix tatsu-ByQogXI0Ji   \" ><style>.tatsu-ByQogXI0Ji .tatsu-inline-text-inner{width: 100%;text-align: left;}.tatsu-ByQogXI0Ji.tatsu-inline-text{margin: 8px 0px 0px 0px;}@media only screen and (max-width: 767px) {.tatsu-ByQogXI0Ji .tatsu-inline-text-inner{width: 100%;text-align: center;}}<\/style><div class=\"tatsu-inline-text-inner tatsu-align-center\">\n<h1><span class=\"swatch-black\"><strong>JurisUnifi&eacute;<\/strong><\/span><br \/>NOUS FAISONS LE LIEN AVEC VOS LOGICIELS EXISTANTS !<\/h1>\n<\/div><\/div><div  class=\"tatsu-module tatsu-divider-wrap  tatsu-BkVolQUAyj   \"  ><style>.tatsu-BkVolQUAyj .tatsu-divider{height: 3px;width: 100%;background: rgba(179,179,179,1);}.tatsu-BkVolQUAyj.tatsu-divider-wrap{text-align: left;margin: 7px 0px 7px 0px;}<\/style><hr class=\"tatsu-divider\"\/><\/div><div  class=\"tatsu-module tatsu-inline-text clearfix tatsu-rkrsgmUR1o   \" ><style>.tatsu-rkrsgmUR1o .tatsu-inline-text-inner{width: 100%;text-align: left;}.tatsu-rkrsgmUR1o.tatsu-inline-text{margin: 0px 0px 0px 0px;}@media only screen and (max-width: 767px) {.tatsu-rkrsgmUR1o .tatsu-inline-text-inner{width: 100%;text-align: center;}}<\/style><div class=\"tatsu-inline-text-inner tatsu-align-center\">\n<h2><span class=\"swatch-black\"><strong>JurisUnifi&eacute;<\/strong><\/span> est un pont entre <strong><span class=\"swatch-black\">Juris&Eacute;volution<\/span><\/strong> et vos outils de travail actuels, pour que vous puissiez tirer le meilleur parti de ce que vos diff&eacute;rentes plateformes ont &agrave; vous offrir.<\/h2>\n<\/div><\/div><div  class=\"tatsu-module tatsu-divider-wrap  tatsu-HJLixQIR1o   \"  ><style>.tatsu-HJLixQIR1o .tatsu-divider{height: 3px;width: 100%;background: rgba(179,179,179,1);}.tatsu-HJLixQIR1o.tatsu-divider-wrap{text-align: left;margin: 7px 0px 7px 0px;}<\/style><hr class=\"tatsu-divider\"\/><\/div><\/div><\/div><div class = \"tatsu-column-bg-image-wrap\"><div class = \"tatsu-column-bg-image\" ><\/div><\/div><div class=\"tatsu-overlay tatsu-column-overlay tatsu-animate-none\" ><\/div><\/div><style>.tatsu-row > .tatsu-Hk-semLAJs.tatsu-column{width: 63.7%;}.tatsu-Hk-semLAJs.tatsu-column{margin: 20px 0px 20px 0px !important;}.tatsu-Hk-semLAJs.tatsu-column > .tatsu-column-inner > .tatsu-column-overlay{mix-blend-mode: normal;}.tatsu-Hk-semLAJs > .tatsu-column-inner > .tatsu-top-divider{z-index: 9999;}.tatsu-Hk-semLAJs > .tatsu-column-inner > .tatsu-bottom-divider{z-index: 9999;}.tatsu-Hk-semLAJs > .tatsu-column-inner > .tatsu-left-divider{z-index: 9999;}.tatsu-Hk-semLAJs > .tatsu-column-inner > .tatsu-right-divider{z-index: 9999;}@media only screen and (max-width:1377px) {.tatsu-row > .tatsu-Hk-semLAJs.tatsu-column{width: 63.7%;}}@media only screen and (min-width:768px) and (max-width: 1024px) {.tatsu-row > .tatsu-Hk-semLAJs.tatsu-column{width: 63.7%;}}@media only screen and (max-width: 767px) {.tatsu-row > .tatsu-Hk-semLAJs.tatsu-column{width: 100%;}}<\/style><\/div><div  class=\"tatsu-column  tatsu-bg-overlay tatsu-one-half tatsu-column-align-bottom tatsu-column-image-none tatsu-column-effect-none  tatsu-HkPjgQICki\"  data-parallax-speed=\"0\" style=\"\"><div class=\"tatsu-column-inner \" ><div class=\"tatsu-column-pad-wrap\"><div class=\"tatsu-column-pad\" ><div  class=\"tatsu-single-image tatsu-module align-center tatsu-image-lazyload tatsu-B1dol7I0yj  \" ><div class=\"tatsu-single-image-inner \" style=\"width : 480px;\" ><div class = \"tatsu-single-image-padding-wrap\" style = \"padding-bottom : 137.5%;\" ><\/div><img class = \"tatsu-gradient-border\" alt = \"\" title = \"Boule_JU_avecShadow\" data-src = \"https:\/\/jurisconcept.ca\/wp-content\/uploads\/2022\/09\/Boule_JU_avecShadow.png\" src =\"data:image\/png;base64,iVBORw0KGgoAAAANSUhEUgAAAAEAAAABCAQAAAC1HAwCAAAAC0lEQVR42mNkYAAAAAYAAjCB0C8AAAAASUVORK5CYII=\"  \/><\/div><style>.tatsu-B1dol7I0yj{margin: 0px 0px 10px 0px;}.tatsu-B1dol7I0yj .tatsu-single-image-inner{border-style: solid;max-width: 49%;}.tatsu-B1dol7I0yj.tatsu-single-image{transform: translate3d(0px,0px, 0);}@media only screen and (max-width:1377px) {.tatsu-B1dol7I0yj .tatsu-single-image-inner{max-width: 43%;}}@media only screen and (min-width:768px) and (max-width: 1024px) {.tatsu-B1dol7I0yj .tatsu-single-image-inner{max-width: 70%;}}<\/style><\/div><div  class=\"tatsu-module tatsu-normal-button tatsu-button-wrap align-block block-center  tatsu-HkFox7IAko   \"><a class=\"tatsu-shortcode blockbtn tatsu-button left-icon rounded   bg-animation-none  \" href=\"https:\/\/jurisconcept.ca\/fr\/contactez-nous\/\" style= \"\"  aria-label=\"S'abonner maintenant\" data-gdpr-atts={} target=\"_blank\">S'abonner maintenant<\/a><style>.tatsu-HkFox7IAko .tatsu-button{background-color: rgba(203,33,40,1);color: #ffffff ;}.tatsu-HkFox7IAko .tatsu-button:hover{background-color: rgba(26,26,26,1);color: rgba(255,255,255,1) ;}<\/style><\/div><\/div><\/div><div class = \"tatsu-column-bg-image-wrap\"><div class = \"tatsu-column-bg-image\" ><\/div><\/div><div class=\"tatsu-overlay tatsu-column-overlay tatsu-animate-none\" ><\/div><\/div><style>.tatsu-row > .tatsu-HkPjgQICki.tatsu-column{width: 36.3%;}.tatsu-HkPjgQICki.tatsu-column{margin: 20px 0px 20px 0px !important;}.tatsu-HkPjgQICki.tatsu-column > .tatsu-column-inner > .tatsu-column-overlay{mix-blend-mode: normal;}.tatsu-HkPjgQICki > .tatsu-column-inner > .tatsu-top-divider{z-index: 9999;}.tatsu-HkPjgQICki > .tatsu-column-inner > .tatsu-bottom-divider{z-index: 9999;}.tatsu-HkPjgQICki > .tatsu-column-inner > .tatsu-left-divider{z-index: 9999;}.tatsu-HkPjgQICki > .tatsu-column-inner > .tatsu-right-divider{z-index: 9999;}@media only screen and (max-width:1377px) {.tatsu-row > .tatsu-HkPjgQICki.tatsu-column{width: 36.3%;}}@media only screen and (min-width:768px) and (max-width: 1024px) {.tatsu-row > .tatsu-HkPjgQICki.tatsu-column{width: 36.3%;}}@media only screen and (max-width: 767px) {.tatsu-row > .tatsu-HkPjgQICki.tatsu-column{width: 100%;}}<\/style><\/div><\/div><\/div><\/div><div class=\"tatsu-section-background-wrap\"><div class = \"tatsu-section-background\" ><\/div><\/div><div class=\"tatsu-overlay tatsu-section-overlay\"><\/div><style>.tatsu-B1igmIC1o .tatsu-section-background{background-image: url(https:\/\/jurisconcept.ca\/wp-content\/uploads\/2022\/04\/gears-motif.png);background-repeat: no-repeat;background-attachment: fixed;background-position: top left;background-size: cover;}.tatsu-B1igmIC1o .tatsu-bg-blur{background-repeat: no-repeat;background-attachment: fixed;background-position: top left;background-size: cover;}.tatsu-B1igmIC1o .tatsu-section-pad{padding: 60px 0px 60px 0px;}.tatsu-B1igmIC1o .tatsu-section-offset-wrap{transform: translateY(-0px);}.tatsu-B1igmIC1o > .tatsu-bottom-divider{z-index: 9999;}.tatsu-B1igmIC1o > .tatsu-top-divider{z-index: 9999;}.tatsu-B1igmIC1o .tatsu-section-overlay{background: rgba(255,255,255,0.9);mix-blend-mode: normal;}@media only screen and (min-width:768px) and (max-width: 1024px) {.tatsu-B1igmIC1o .tatsu-section-pad{padding: 45px 0px 45px 0px;}.tatsu-B1igmIC1o.tatsu-section{margin: 0px 0px 0px 0px;}}@media only screen and (max-width: 767px) {.tatsu-B1igmIC1o .tatsu-section-pad{padding: 30px 0px 30px 0px;}}<\/style><\/div><div  class=\"tatsu-BkBC780ys tatsu-section  tatsu-bg-overlay   tatsu-clearfix\" data-title=\"\"  data-headerscheme=\"background--dark\"><div class='tatsu-section-pad clearfix' data-padding='{\"d\":\"60px 30px 60px 30px\",\"l\":\"60px 20px 60px 20px\",\"t\":\"45px 15px 45px 15px\",\"m\":\"30px 0px 30px 0px\"}' data-padding-top='30px'><div class=\"tatsu-row-wrap  tatsu-wrap tatsu-row-has-one-half tatsu-row-has-two-cols tatsu-medium-gutter tatsu-eq-cols  tatsu-clearfix tatsu-B1lrAmUAyj\" ><div  class=\"tatsu-row \" ><div  class=\"tatsu-column  tatsu-bg-overlay tatsu-one-half tatsu-column-align-middle tatsu-column-image-none tatsu-column-effect-none  tatsu-SyWH0mICyo\"  data-parallax-speed=\"0\" style=\"\"><div class=\"tatsu-column-inner \" ><div class=\"tatsu-column-pad-wrap\"><div class=\"tatsu-column-pad\" ><div  class=\"tatsu-single-image tatsu-module align-center tatsu-image-lazyload tatsu-rJGrAQI0Ji  \" ><div class=\"tatsu-single-image-inner \" style=\"width : 480px;\" ><div class = \"tatsu-single-image-padding-wrap\" style = \"padding-bottom : 104.375%;\" ><\/div><img class = \"tatsu-gradient-border\" alt = \"\" title = \"JurisUnifie_Pont\" data-src = \"https:\/\/jurisconcept.ca\/wp-content\/uploads\/2022\/09\/JurisUnifie_Pont.png\" src =\"data:image\/png;base64,iVBORw0KGgoAAAANSUhEUgAAAAEAAAABCAQAAAC1HAwCAAAAC0lEQVR42mNkYAAAAAYAAjCB0C8AAAAASUVORK5CYII=\"  \/><\/div><style>.tatsu-rJGrAQI0Ji .tatsu-single-image-inner{border-style: solid;max-width: 60%;}.tatsu-rJGrAQI0Ji.tatsu-single-image{transform: translate3d(0px,0px, 0);}.tatsu-rJGrAQI0Ji{padding: 10px 10px 10px 10px;}@media only screen and (min-width:768px) and (max-width: 1024px) {.tatsu-rJGrAQI0Ji .tatsu-single-image-inner{max-width: 100%;}}<\/style><\/div><\/div><\/div><div class = \"tatsu-column-bg-image-wrap\"><div class = \"tatsu-column-bg-image\" ><\/div><\/div><div class=\"tatsu-overlay tatsu-column-overlay tatsu-animate-none\" ><\/div><\/div><style>.tatsu-row > .tatsu-SyWH0mICyo.tatsu-column{width: 45%;}.tatsu-SyWH0mICyo.tatsu-column > .tatsu-column-inner > .tatsu-column-overlay{mix-blend-mode: normal;}.tatsu-SyWH0mICyo > .tatsu-column-inner > .tatsu-top-divider{z-index: 9999;}.tatsu-SyWH0mICyo > .tatsu-column-inner > .tatsu-bottom-divider{z-index: 9999;}.tatsu-SyWH0mICyo > .tatsu-column-inner > .tatsu-left-divider{z-index: 9999;}.tatsu-SyWH0mICyo > .tatsu-column-inner > .tatsu-right-divider{z-index: 9999;}@media only screen and (max-width:1377px) {.tatsu-row > .tatsu-SyWH0mICyo.tatsu-column{width: 45%;}}@media only screen and (min-width:768px) and (max-width: 1024px) {.tatsu-row > .tatsu-SyWH0mICyo.tatsu-column{width: 40%;}}@media only screen and (max-width: 767px) {.tatsu-row > .tatsu-SyWH0mICyo.tatsu-column{width: 100%;}}<\/style><\/div><div  class=\"tatsu-column  tatsu-bg-overlay tatsu-one-half tatsu-column-image-none tatsu-column-effect-none  tatsu-S17H0X8Ryo\"  data-parallax-speed=\"0\" style=\"\"><div class=\"tatsu-column-inner \" ><div class=\"tatsu-column-pad-wrap\"><div class=\"tatsu-column-pad\" ><div  class=\"tatsu-module tatsu-text-block-wrap tatsu-rJnJE801s  \"><div class=\"tatsu-text-inner tatsu-align-center  clearfix\" ><style>.tatsu-rJnJE801s.tatsu-text-block-wrap .tatsu-text-inner{width: 100%;text-align: left;}.tatsu-rJnJE801s.tatsu-text-block-wrap{margin: 0px 0px 10px 0px;}<\/style>\n<h3><span class=\"produits\">Juris\u00c9volution<\/span> S\u2019ADAPTE A VOTRE R\u00c9ALIT\u00c9 !<\/h3>\n<\/div><\/div><div  class=\"tatsu-module tatsu-inline-text clearfix tatsu-BySB0Q8Cyi   \" ><style>.tatsu-BySB0Q8Cyi .tatsu-inline-text-inner{width: 100%;text-align: left;}@media only screen and (max-width: 767px) {.tatsu-BySB0Q8Cyi .tatsu-inline-text-inner{width: 100%;}}<\/style><div class=\"tatsu-inline-text-inner tatsu-align-center\">\n<p>Si vous souhaitez faire de Juris\u00c9volution votre centrale op\u00e9rationnelle tout en conservant vos outils internes, JurisUnifi\u00e9 est la solution tout indiqu\u00e9e !<\/p>\n<p>Nos d\u00e9veloppeurs chevronn\u00e9s, en collaboration avec les d\u00e9veloppeurs de votre logiciel actuel, cr\u00e9eront un lien entre les deux plateformes pour qu\u2019elles puissent travailler ensemble.<\/p>\n<p>Vous \u00e9viterez ainsi la double entr\u00e9e de donn\u00e9es qui multiplie les risques d\u2019erreurs, conserverez vos outils informatiques d\u00e9j\u00e0 en place et gagnerez en temps et en efficacit\u00e9 !<\/p>\n<\/div><\/div><\/div><\/div><div class = \"tatsu-column-bg-image-wrap\"><div class = \"tatsu-column-bg-image\" ><\/div><\/div><div class=\"tatsu-overlay tatsu-column-overlay tatsu-animate-none\" ><\/div><\/div><style>.tatsu-row > .tatsu-S17H0X8Ryo.tatsu-column{width: 55%;}.tatsu-S17H0X8Ryo.tatsu-column > .tatsu-column-inner{background-color: rgba(241,241,241,1);}.tatsu-S17H0X8Ryo.tatsu-column > .tatsu-column-inner > .tatsu-column-pad-wrap > .tatsu-column-pad{padding: 35px 35px 35px 35px;}.tatsu-S17H0X8Ryo.tatsu-column > .tatsu-column-inner > .tatsu-column-overlay{mix-blend-mode: normal;}.tatsu-S17H0X8Ryo > .tatsu-column-inner > .tatsu-top-divider{z-index: 9999;}.tatsu-S17H0X8Ryo > .tatsu-column-inner > .tatsu-bottom-divider{z-index: 9999;}.tatsu-S17H0X8Ryo > .tatsu-column-inner > .tatsu-left-divider{z-index: 9999;}.tatsu-S17H0X8Ryo > .tatsu-column-inner > .tatsu-right-divider{z-index: 9999;}@media only screen and (max-width:1377px) {.tatsu-row > .tatsu-S17H0X8Ryo.tatsu-column{width: 55%;}.tatsu-S17H0X8Ryo.tatsu-column > .tatsu-column-inner > .tatsu-column-pad-wrap > .tatsu-column-pad{padding: 30px 30px 30px 30px;}}@media only screen and (min-width:768px) and (max-width: 1024px) {.tatsu-row > .tatsu-S17H0X8Ryo.tatsu-column{width: 60%;}.tatsu-S17H0X8Ryo.tatsu-column > .tatsu-column-inner > .tatsu-column-pad-wrap > .tatsu-column-pad{padding: 25px 25px 25px 25px;}}@media only screen and (max-width: 767px) {.tatsu-row > .tatsu-S17H0X8Ryo.tatsu-column{width: 100%;}.tatsu-S17H0X8Ryo.tatsu-column > .tatsu-column-inner > .tatsu-column-pad-wrap > .tatsu-column-pad{padding: 15px 15px 15px 15px;}}<\/style><\/div><\/div><\/div><\/div><div class=\"tatsu-section-background-wrap\"><div class = \"tatsu-section-background\" ><\/div><\/div><div class=\"tatsu-overlay tatsu-section-overlay\"><\/div><style>.tatsu-BkBC780ys.tatsu-section{background-color: rgba(255,255,255,1);}.tatsu-BkBC780ys .tatsu-section-pad{padding: 60px 30px 60px 30px;}.tatsu-BkBC780ys .tatsu-section-offset-wrap{transform: translateY(-0px);}.tatsu-BkBC780ys > .tatsu-bottom-divider{z-index: 9999;}.tatsu-BkBC780ys > .tatsu-top-divider{z-index: 9999;}.tatsu-BkBC780ys .tatsu-section-overlay{mix-blend-mode: normal;}@media only screen and (max-width:1377px) {.tatsu-BkBC780ys .tatsu-section-pad{padding: 60px 20px 60px 20px;}}@media only screen and (min-width:768px) and (max-width: 1024px) {.tatsu-BkBC780ys .tatsu-section-pad{padding: 45px 15px 45px 15px;}}@media only screen and (max-width: 767px) {.tatsu-BkBC780ys .tatsu-section-pad{padding: 30px 0px 30px 0px;}}<\/style><\/div><div  class=\"tatsu-HygXrUCyo tatsu-section  tatsu-bg-overlay   tatsu-clearfix\" data-title=\"\"  data-headerscheme=\"background--dark\"><div class='tatsu-section-pad clearfix' data-padding='{\"d\":\"60px 30px 60px 30px\",\"l\":\"60px 20px 60px 20px\",\"t\":\"45px 15px 45px 15px\",\"m\":\"30px 0px 30px 0px\"}' data-padding-top='30px'><div class=\"tatsu-row-wrap  tatsu-wrap tatsu-row-one-col tatsu-row-has-one-cols tatsu-medium-gutter tatsu-eq-cols  tatsu-clearfix tatsu-HkxlmHLR1s\" ><div  class=\"tatsu-row \" ><div  class=\"tatsu-column  tatsu-bg-overlay tatsu-one-col tatsu-column-align-middle tatsu-column-image-none tatsu-column-effect-none  tatsu-H1WeXH8A1s\"  data-parallax-speed=\"0\" style=\"\"><div class=\"tatsu-column-inner \" ><div class=\"tatsu-column-pad-wrap\"><div class=\"tatsu-column-pad\" ><div  class=\"tatsu-module tatsu-text-block-wrap tatsu-BJfgQSU0Jj  \"><div class=\"tatsu-text-inner tatsu-align-center  clearfix\" ><style>.tatsu-BJfgQSU0Jj.tatsu-text-block-wrap .tatsu-text-inner{width: 100%;text-align: left;}.tatsu-BJfgQSU0Jj.tatsu-text-block-wrap{margin: 0px 0px 15px 0px;}@media only screen and (max-width:1377px) {.tatsu-BJfgQSU0Jj.tatsu-text-block-wrap{margin: 0px 0px 10px 0px;}}@media only screen and (min-width:768px) and (max-width: 1024px) {.tatsu-BJfgQSU0Jj.tatsu-text-block-wrap{margin: 0px 0px 5px 0px;}}@media only screen and (max-width: 767px) {.tatsu-BJfgQSU0Jj.tatsu-text-block-wrap{margin: 0px 0px 5px 0px;}}<\/style>\n<h3 style=\"text-align: center;\"><span class=\"produits\">Juris\u00c9volution<\/span> ET VOS PLATEFORMES INTERNES PEUVENT TRAVAILLER MAIN DANS LA MAIN !<\/h3>\n<\/div><\/div><div  class=\"tatsu-module tatsu-inline-text clearfix tatsu-rkQgXSUAki   \" ><style>.tatsu-rkQgXSUAki .tatsu-inline-text-inner{width: 100%;text-align: center;}@media only screen and (max-width:1377px) {.tatsu-rkQgXSUAki.tatsu-inline-text{margin: 0px 0px 25px 0px;}}@media only screen and (min-width:768px) and (max-width: 1024px) {.tatsu-rkQgXSUAki .tatsu-inline-text-inner{text-align: center;}.tatsu-rkQgXSUAki.tatsu-inline-text{margin: 0px 0px 20px 0px;}}@media only screen and (max-width: 767px) {.tatsu-rkQgXSUAki .tatsu-inline-text-inner{width: 100%;text-align: center;}.tatsu-rkQgXSUAki.tatsu-inline-text{margin: 0px 0px 15px 0px;}}<\/style><div class=\"tatsu-inline-text-inner tatsu-align-center\">\n<h6>Vous aimeriez en savoir plus sur les possibilit&eacute;s de cr&eacute;er un <strong>pont entre deux applications<\/strong> gr&acirc;ce &agrave; <span class=\"swatch-black\"><strong>JurisUnifi&eacute;<\/strong><\/span> ?<br \/>Vous aimeriez en savoir plus sur nos <strong>int&eacute;grations sur mesure<\/strong> ?<\/h6>\n<\/div><\/div><div  class=\"tatsu-module tatsu-normal-button tatsu-button-wrap align-block block-center  tatsu-B1Vg7BUAkj   \"><a class=\"tatsu-shortcode x-largebtn tatsu-button left-icon rounded   bg-animation-none  \" href=\"https:\/\/jurisconcept.ca\/fr\/contactez-nous\/\" style= \"\"  aria-label=\"Contactez-nous\" data-gdpr-atts={} target=\"_blank\">Contactez-nous<\/a><style>.tatsu-B1Vg7BUAkj .tatsu-button{background-color: rgba(203,33,40,1);color: #ffffff ;}<\/style><\/div><\/div><\/div><div class = \"tatsu-column-bg-image-wrap\"><div class = \"tatsu-column-bg-image\" ><\/div><\/div><div class=\"tatsu-overlay tatsu-column-overlay tatsu-animate-none\" ><\/div><\/div><style>.tatsu-row > .tatsu-H1WeXH8A1s.tatsu-column{width: 100%;}.tatsu-H1WeXH8A1s.tatsu-column > .tatsu-column-inner > .tatsu-column-overlay{mix-blend-mode: normal;}.tatsu-H1WeXH8A1s > .tatsu-column-inner > .tatsu-top-divider{z-index: 9999;}.tatsu-H1WeXH8A1s > .tatsu-column-inner > .tatsu-bottom-divider{z-index: 9999;}.tatsu-H1WeXH8A1s > .tatsu-column-inner > .tatsu-left-divider{z-index: 9999;}.tatsu-H1WeXH8A1s > .tatsu-column-inner > .tatsu-right-divider{z-index: 9999;}@media only screen and (max-width:1377px) {.tatsu-row > .tatsu-H1WeXH8A1s.tatsu-column{width: 100%;}}@media only screen and (min-width:768px) and (max-width: 1024px) {.tatsu-row > .tatsu-H1WeXH8A1s.tatsu-column{width: 100%;}}@media only screen and (max-width: 767px) {.tatsu-row > .tatsu-H1WeXH8A1s.tatsu-column{width: 100%;}}<\/style><\/div><\/div><\/div><\/div><div class=\"tatsu-section-background-wrap\"><div class = \"tatsu-section-background\" ><\/div><\/div><div class=\"tatsu-overlay tatsu-section-overlay\"><\/div><style>.tatsu-HygXrUCyo.tatsu-section{background-color: rgba(255,255,255,1);}.tatsu-HygXrUCyo .tatsu-section-pad{padding: 60px 30px 60px 30px;}.tatsu-HygXrUCyo .tatsu-section-offset-wrap{transform: translateY(-0px);}.tatsu-HygXrUCyo > .tatsu-bottom-divider{z-index: 9999;}.tatsu-HygXrUCyo > .tatsu-top-divider{z-index: 9999;}.tatsu-HygXrUCyo .tatsu-section-overlay{mix-blend-mode: normal;}@media only screen and (max-width:1377px) {.tatsu-HygXrUCyo .tatsu-section-pad{padding: 60px 20px 60px 20px;}}@media only screen and (min-width:768px) and (max-width: 1024px) {.tatsu-HygXrUCyo .tatsu-section-pad{padding: 45px 15px 45px 15px;}}@media only screen and (max-width: 767px) {.tatsu-HygXrUCyo .tatsu-section-pad{padding: 30px 0px 30px 0px;}}<\/style><\/div>\n","protected":false},"excerpt":{"rendered":"<div><a href=\"https:\/\/jurisconcept.ca\/fr\/jurisunifie\/\" class=\"exp-read-more exp-read-more-underlined\">Read More<\/a><\/div>\n","protected":false},"author":2,"featured_media":0,"parent":0,"menu_order":0,"comment_status":"closed","ping_status":"closed","template":"","meta":{"footnotes":""},"class_list":["post-37","page","type-page","status-publish","hentry"],"yoast_head":"<!-- This site is optimized with the Yoast SEO plugin v27.2 - https:\/\/yoast.com\/product\/yoast-seo-wordpress\/ -->\n<title>JurisUnifi\u00e9 - Un pont entre Juris\u00c9volution et vos autres logiciels<\/title>\n<meta name=\"description\" content=\"Pont entre Juris\u00c9volution et votre outils de travail actuel, pour tirer le meilleur parti de ce que vos diff\u00e9rentes plateformes ont \u00e0 vous offrir.\" \/>\n<meta name=\"robots\" content=\"index, follow, max-snippet:-1, max-image-preview:large, max-video-preview:-1\" \/>\n<link rel=\"canonical\" href=\"https:\/\/jurisconcept.ca\/fr\/jurisunifie\/\" \/>\n<meta property=\"og:locale\" content=\"fr_FR\" \/>\n<meta property=\"og:type\" content=\"article\" \/>\n<meta property=\"og:title\" content=\"JurisUnifi\u00e9 - Un pont entre Juris\u00c9volution et vos autres logiciels\" \/>\n<meta property=\"og:description\" content=\"Pont entre Juris\u00c9volution et votre outils de travail actuel, pour tirer le meilleur parti de ce que vos diff\u00e9rentes plateformes ont \u00e0 vous offrir.\" \/>\n<meta property=\"og:url\" content=\"https:\/\/jurisconcept.ca\/fr\/jurisunifie\/\" \/>\n<meta property=\"og:site_name\" content=\"Juris Concept\" \/>\n<meta property=\"article:modified_time\" content=\"2023-07-27T13:38:54+00:00\" \/>\n<meta name=\"twitter:card\" content=\"summary_large_image\" \/>\n<meta name=\"twitter:label1\" content=\"Dur\u00e9e de lecture estim\u00e9e\" \/>\n\t<meta name=\"twitter:data1\" content=\"9 minutes\" \/>\n<script type=\"application\/ld+json\" class=\"yoast-schema-graph\">{\"@context\":\"https:\/\/schema.org\",\"@graph\":[{\"@type\":\"WebPage\",\"@id\":\"https:\/\/jurisconcept.ca\/fr\/jurisunifie\/\",\"url\":\"https:\/\/jurisconcept.ca\/fr\/jurisunifie\/\",\"name\":\"JurisUnifi\u00e9 - Un pont entre Juris\u00c9volution et vos autres logiciels\",\"isPartOf\":{\"@id\":\"https:\/\/jurisconcept.ca\/fr\/#website\"},\"datePublished\":\"2022-09-07T15:49:28+00:00\",\"dateModified\":\"2023-07-27T13:38:54+00:00\",\"description\":\"Pont entre Juris\u00c9volution et votre outils de travail actuel, pour tirer le meilleur parti de ce que vos diff\u00e9rentes plateformes ont \u00e0 vous offrir.\",\"breadcrumb\":{\"@id\":\"https:\/\/jurisconcept.ca\/fr\/jurisunifie\/#breadcrumb\"},\"inLanguage\":\"fr-FR\",\"potentialAction\":[{\"@type\":\"ReadAction\",\"target\":[\"https:\/\/jurisconcept.ca\/fr\/jurisunifie\/\"]}]},{\"@type\":\"BreadcrumbList\",\"@id\":\"https:\/\/jurisconcept.ca\/fr\/jurisunifie\/#breadcrumb\",\"itemListElement\":[{\"@type\":\"ListItem\",\"position\":1,\"name\":\"Accueil\",\"item\":\"https:\/\/jurisconcept.ca\/fr\/\"},{\"@type\":\"ListItem\",\"position\":2,\"name\":\"JurisUnifi\u00e9\"}]},{\"@type\":\"WebSite\",\"@id\":\"https:\/\/jurisconcept.ca\/fr\/#website\",\"url\":\"https:\/\/jurisconcept.ca\/fr\/\",\"name\":\"Juris Concept\",\"description\":\"Maximisez votre pratique juridique !\",\"potentialAction\":[{\"@type\":\"SearchAction\",\"target\":{\"@type\":\"EntryPoint\",\"urlTemplate\":\"https:\/\/jurisconcept.ca\/fr\/?s={search_term_string}\"},\"query-input\":{\"@type\":\"PropertyValueSpecification\",\"valueRequired\":true,\"valueName\":\"search_term_string\"}}],\"inLanguage\":\"fr-FR\"}]}<\/script>\n<!-- \/ Yoast SEO plugin. -->","yoast_head_json":{"title":"JurisUnifi\u00e9 - Un pont entre Juris\u00c9volution et vos autres logiciels","description":"Pont entre Juris\u00c9volution et votre outils de travail actuel, pour tirer le meilleur parti de ce que vos diff\u00e9rentes plateformes ont \u00e0 vous offrir.","robots":{"index":"index","follow":"follow","max-snippet":"max-snippet:-1","max-image-preview":"max-image-preview:large","max-video-preview":"max-video-preview:-1"},"canonical":"https:\/\/jurisconcept.ca\/fr\/jurisunifie\/","og_locale":"fr_FR","og_type":"article","og_title":"JurisUnifi\u00e9 - Un pont entre Juris\u00c9volution et vos autres logiciels","og_description":"Pont entre Juris\u00c9volution et votre outils de travail actuel, pour tirer le meilleur parti de ce que vos diff\u00e9rentes plateformes ont \u00e0 vous offrir.","og_url":"https:\/\/jurisconcept.ca\/fr\/jurisunifie\/","og_site_name":"Juris Concept","article_modified_time":"2023-07-27T13:38:54+00:00","twitter_card":"summary_large_image","twitter_misc":{"Dur\u00e9e de lecture estim\u00e9e":"9 minutes"},"schema":{"@context":"https:\/\/schema.org","@graph":[{"@type":"WebPage","@id":"https:\/\/jurisconcept.ca\/fr\/jurisunifie\/","url":"https:\/\/jurisconcept.ca\/fr\/jurisunifie\/","name":"JurisUnifi\u00e9 - Un pont entre Juris\u00c9volution et vos autres logiciels","isPartOf":{"@id":"https:\/\/jurisconcept.ca\/fr\/#website"},"datePublished":"2022-09-07T15:49:28+00:00","dateModified":"2023-07-27T13:38:54+00:00","description":"Pont entre Juris\u00c9volution et votre outils de travail actuel, pour tirer le meilleur parti de ce que vos diff\u00e9rentes plateformes ont \u00e0 vous offrir.","breadcrumb":{"@id":"https:\/\/jurisconcept.ca\/fr\/jurisunifie\/#breadcrumb"},"inLanguage":"fr-FR","potentialAction":[{"@type":"ReadAction","target":["https:\/\/jurisconcept.ca\/fr\/jurisunifie\/"]}]},{"@type":"BreadcrumbList","@id":"https:\/\/jurisconcept.ca\/fr\/jurisunifie\/#breadcrumb","itemListElement":[{"@type":"ListItem","position":1,"name":"Accueil","item":"https:\/\/jurisconcept.ca\/fr\/"},{"@type":"ListItem","position":2,"name":"JurisUnifi\u00e9"}]},{"@type":"WebSite","@id":"https:\/\/jurisconcept.ca\/fr\/#website","url":"https:\/\/jurisconcept.ca\/fr\/","name":"Juris Concept","description":"Maximisez votre pratique juridique !","potentialAction":[{"@type":"SearchAction","target":{"@type":"EntryPoint","urlTemplate":"https:\/\/jurisconcept.ca\/fr\/?s={search_term_string}"},"query-input":{"@type":"PropertyValueSpecification","valueRequired":true,"valueName":"search_term_string"}}],"inLanguage":"fr-FR"}]}},"_links":{"self":[{"href":"https:\/\/jurisconcept.ca\/fr\/wp-json\/wp\/v2\/pages\/37","targetHints":{"allow":["GET"]}}],"collection":[{"href":"https:\/\/jurisconcept.ca\/fr\/wp-json\/wp\/v2\/pages"}],"about":[{"href":"https:\/\/jurisconcept.ca\/fr\/wp-json\/wp\/v2\/types\/page"}],"author":[{"embeddable":true,"href":"https:\/\/jurisconcept.ca\/fr\/wp-json\/wp\/v2\/users\/2"}],"replies":[{"embeddable":true,"href":"https:\/\/jurisconcept.ca\/fr\/wp-json\/wp\/v2\/comments?post=37"}],"version-history":[{"count":5,"href":"https:\/\/jurisconcept.ca\/fr\/wp-json\/wp\/v2\/pages\/37\/revisions"}],"predecessor-version":[{"id":1724,"href":"https:\/\/jurisconcept.ca\/fr\/wp-json\/wp\/v2\/pages\/37\/revisions\/1724"}],"wp:attachment":[{"href":"https:\/\/jurisconcept.ca\/fr\/wp-json\/wp\/v2\/media?parent=37"}],"curies":[{"name":"wp","href":"https:\/\/api.w.org\/{rel}","templated":true}]}}